{"id":112,"date":"2023-03-21T17:47:17","date_gmt":"2023-03-21T16:47:17","guid":{"rendered":"https:\/\/fraemeproduction.art\/?post_type=product&#038;p=112"},"modified":"2023-03-21T17:47:41","modified_gmt":"2023-03-21T16:47:41","slug":"erikm","status":"publish","type":"product","link":"https:\/\/fraemeproduction.art\/index.php\/produit\/erikm\/","title":{"rendered":"eRikm"},"content":{"rendered":"<p><strong>Catalogue monographique, 2012<\/strong><br \/>\nTextes de Yann Beauvais, Christophe Kihm, Louis-Jos\u00e9 Lestocart, Jean-Luc Nancy, Le\u00efla Quillacq &amp; Graeme Thomson<br \/>\nBilingue fran\u00e7ais \/ anglais<br \/>\n17 x 23 cm \u2013 176 pages + CD audio \u2013 1000 exemplaires<br \/>\n\u00c9dition : Sextant et plus en co-\u00e9dition avec l\u2019espace multim\u00e9dia Gantner et Co_op\u00e9rative<br \/>\nDiffusion-distribution : Les presses du r\u00e9el<\/p>\n","protected":false},"excerpt":{"rendered":"<p>Catalogue monographique, 2012 Textes de Yann Beauvais, Christophe Kihm, Louis-Jos\u00e9 Lestocart, Jean-Luc Nancy, Le\u00efla Quillacq &amp; Graeme Thomson Bilingue fran\u00e7ais \/ anglais 17 x 23 cm \u2013 176 pages + CD audio \u2013 1000 exemplaires \u00c9dition : Sextant et plus en co-\u00e9dition avec l\u2019espace multim\u00e9dia Gantner et Co_op\u00e9rative Diffusion-distribution : Les presses du r\u00e9el<\/p>\n","protected":false},"featured_media":89,"template":"","meta":[],"product_brand":[],"product_cat":[18],"product_tag":[],"class_list":{"0":"post-112","1":"product","2":"type-product","3":"status-publish","4":"has-post-thumbnail","6":"product_cat-livres","8":"first","9":"instock","10":"taxable","11":"shipping-taxable","12":"purchasable","13":"product-type-simple"},"_links":{"self":[{"href":"https:\/\/fraemeproduction.art\/index.php\/wp-json\/wp\/v2\/product\/112","targetHints":{"allow":["GET"]}}],"collection":[{"href":"https:\/\/fraemeproduction.art\/index.php\/wp-json\/wp\/v2\/product"}],"about":[{"href":"https:\/\/fraemeproduction.art\/index.php\/wp-json\/wp\/v2\/types\/product"}],"wp:featuredmedia":[{"embeddable":true,"href":"https:\/\/fraemeproduction.art\/index.php\/wp-json\/wp\/v2\/media\/89"}],"wp:attachment":[{"href":"https:\/\/fraemeproduction.art\/index.php\/wp-json\/wp\/v2\/media?parent=112"}],"wp:term":[{"taxonomy":"product_brand","embeddable":true,"href":"https:\/\/fraemeproduction.art\/index.php\/wp-json\/wp\/v2\/product_brand?post=112"},{"taxonomy":"product_cat","embeddable":true,"href":"https:\/\/fraemeproduction.art\/index.php\/wp-json\/wp\/v2\/product_cat?post=112"},{"taxonomy":"product_tag","embeddable":true,"href":"https:\/\/fraemeproduction.art\/index.php\/wp-json\/wp\/v2\/product_tag?post=112"}],"curies":[{"name":"wp","href":"https:\/\/api.w.org\/{rel}","templated":true}]}}