{"id":118,"date":"2023-03-21T17:53:28","date_gmt":"2023-03-21T16:53:28","guid":{"rendered":"https:\/\/fraemeproduction.art\/?post_type=product&#038;p=118"},"modified":"2023-03-21T17:54:27","modified_gmt":"2023-03-21T16:54:27","slug":"fouad-bouchoucha","status":"publish","type":"product","link":"https:\/\/fraemeproduction.art\/index.php\/produit\/fouad-bouchoucha\/","title":{"rendered":"Fouad Bouchoucha"},"content":{"rendered":"<p><strong>Catalogue monographique, 2016<\/strong><br \/>\nTextes : Rebecca Lamarche-Vadel, Alice Marquaille, H\u00e9l\u00e8ne Meisel et Leila Quillacq<br \/>\nEntretien : Guillaume Mansart<br \/>\nDesign : Syndicat<br \/>\nBilingue fran\u00e7ais\/anglais<br \/>\n23,5 x 14 cm \u2013 128 pages \u2013 1000 exemplaires<br \/>\n\u00c9dition : Sextant et plus<\/p>\n","protected":false},"excerpt":{"rendered":"<p>Catalogue monographique, 2016 Textes : Rebecca Lamarche-Vadel, Alice Marquaille, H\u00e9l\u00e8ne Meisel et Leila Quillacq Entretien : Guillaume Mansart Design : Syndicat Bilingue fran\u00e7ais\/anglais 23,5 x 14 cm \u2013 128 pages \u2013 1000 exemplaires \u00c9dition : Sextant et plus<\/p>\n","protected":false},"featured_media":90,"template":"","meta":[],"product_brand":[],"product_cat":[18],"product_tag":[],"class_list":{"0":"post-118","1":"product","2":"type-product","3":"status-publish","4":"has-post-thumbnail","6":"product_cat-livres","8":"first","9":"instock","10":"taxable","11":"shipping-taxable","12":"purchasable","13":"product-type-simple"},"_links":{"self":[{"href":"https:\/\/fraemeproduction.art\/index.php\/wp-json\/wp\/v2\/product\/118","targetHints":{"allow":["GET"]}}],"collection":[{"href":"https:\/\/fraemeproduction.art\/index.php\/wp-json\/wp\/v2\/product"}],"about":[{"href":"https:\/\/fraemeproduction.art\/index.php\/wp-json\/wp\/v2\/types\/product"}],"wp:featuredmedia":[{"embeddable":true,"href":"https:\/\/fraemeproduction.art\/index.php\/wp-json\/wp\/v2\/media\/90"}],"wp:attachment":[{"href":"https:\/\/fraemeproduction.art\/index.php\/wp-json\/wp\/v2\/media?parent=118"}],"wp:term":[{"taxonomy":"product_brand","embeddable":true,"href":"https:\/\/fraemeproduction.art\/index.php\/wp-json\/wp\/v2\/product_brand?post=118"},{"taxonomy":"product_cat","embeddable":true,"href":"https:\/\/fraemeproduction.art\/index.php\/wp-json\/wp\/v2\/product_cat?post=118"},{"taxonomy":"product_tag","embeddable":true,"href":"https:\/\/fraemeproduction.art\/index.php\/wp-json\/wp\/v2\/product_tag?post=118"}],"curies":[{"name":"wp","href":"https:\/\/api.w.org\/{rel}","templated":true}]}}