{"id":128,"date":"2023-03-21T18:06:58","date_gmt":"2023-03-21T17:06:58","guid":{"rendered":"https:\/\/fraemeproduction.art\/?post_type=product&#038;p=128"},"modified":"2023-03-23T10:05:46","modified_gmt":"2023-03-23T09:05:46","slug":"archives-lacunaires-mountaincutters","status":"publish","type":"product","link":"https:\/\/fraemeproduction.art\/index.php\/produit\/archives-lacunaires-mountaincutters\/","title":{"rendered":"\u00ab\u00a0Archives lacunaires\u00a0\u00bb, mountaincutters"},"content":{"rendered":"<p><strong>O<\/strong><strong>uvrage monographique \u2013 2021<\/strong><\/p>\n<p>Textes de Guillaume D\u00e9sanges, Coline Davenne, Septembre Tiberghien et Jean-Luc Nancy.<br \/>\nBilingue fran\u00e7ais \/anglais<br \/>\n23 x 32 cm<br \/>\n144 pages<br \/>\n500 exemplaires<br \/>\nCo\u00e9dition Fr\u00e6me, Marseille, le Grand Caf\u00e9, centre d\u2019art contemporain, Saint-Nazaire, dans le cadre du prix r\u00e9gion Sud Art-o-rama 2019<\/p>\n","protected":false},"excerpt":{"rendered":"<p>Ouvrage monographique \u2013 2021 Textes de Guillaume D\u00e9sanges, Coline Davenne, Septembre Tiberghien et Jean-Luc Nancy. Bilingue fran\u00e7ais \/anglais 23 x 32 cm 144 pages 500 exemplaires Co\u00e9dition Fr\u00e6me, Marseille, le Grand Caf\u00e9, centre d\u2019art contemporain, Saint-Nazaire, dans le cadre du prix r\u00e9gion Sud Art-o-rama 2019<\/p>\n","protected":false},"featured_media":98,"template":"","meta":[],"product_brand":[],"product_cat":[18],"product_tag":[],"class_list":{"0":"post-128","1":"product","2":"type-product","3":"status-publish","4":"has-post-thumbnail","6":"product_cat-livres","8":"first","9":"instock","10":"taxable","11":"shipping-taxable","12":"purchasable","13":"product-type-simple"},"_links":{"self":[{"href":"https:\/\/fraemeproduction.art\/index.php\/wp-json\/wp\/v2\/product\/128","targetHints":{"allow":["GET"]}}],"collection":[{"href":"https:\/\/fraemeproduction.art\/index.php\/wp-json\/wp\/v2\/product"}],"about":[{"href":"https:\/\/fraemeproduction.art\/index.php\/wp-json\/wp\/v2\/types\/product"}],"wp:featuredmedia":[{"embeddable":true,"href":"https:\/\/fraemeproduction.art\/index.php\/wp-json\/wp\/v2\/media\/98"}],"wp:attachment":[{"href":"https:\/\/fraemeproduction.art\/index.php\/wp-json\/wp\/v2\/media?parent=128"}],"wp:term":[{"taxonomy":"product_brand","embeddable":true,"href":"https:\/\/fraemeproduction.art\/index.php\/wp-json\/wp\/v2\/product_brand?post=128"},{"taxonomy":"product_cat","embeddable":true,"href":"https:\/\/fraemeproduction.art\/index.php\/wp-json\/wp\/v2\/product_cat?post=128"},{"taxonomy":"product_tag","embeddable":true,"href":"https:\/\/fraemeproduction.art\/index.php\/wp-json\/wp\/v2\/product_tag?post=128"}],"curies":[{"name":"wp","href":"https:\/\/api.w.org\/{rel}","templated":true}]}}