{"id":129,"date":"2023-03-21T18:08:45","date_gmt":"2023-03-21T17:08:45","guid":{"rendered":"https:\/\/fraemeproduction.art\/?post_type=product&#038;p=129"},"modified":"2023-03-23T10:06:41","modified_gmt":"2023-03-23T09:06:41","slug":"surface-tendre-flore-saunois","status":"publish","type":"product","link":"https:\/\/fraemeproduction.art\/index.php\/produit\/surface-tendre-flore-saunois\/","title":{"rendered":"\u00ab\u00a0Surface tendre\u00a0\u00bb, Flore Saunois"},"content":{"rendered":"<p><strong>Ouvrage monographique, 2022<\/strong><\/p>\n<p>Textes de Sophie Kaplan et Marcelline Delbecq<br \/>\nBilingue fran\u00e7ais \/anglais<br \/>\n20 x 28 cm<br \/>\n96 pages<br \/>\n500 exemplaires<br \/>\n\u00c9dition Fr\u00e6me, Marseille, dans le cadre du prix r\u00e9gion Sud Art-o-rama 2022<\/p>\n","protected":false},"excerpt":{"rendered":"<p>Ouvrage monographique, 2022 Textes de Sophie Kaplan et Marcelline Delbecq Bilingue fran\u00e7ais \/anglais 20 x 28 cm 96 pages 500 exemplaires \u00c9dition Fr\u00e6me, Marseille, dans le cadre du prix r\u00e9gion Sud Art-o-rama 2022<\/p>\n","protected":false},"featured_media":93,"template":"","meta":[],"product_brand":[],"product_cat":[18],"product_tag":[],"class_list":{"0":"post-129","1":"product","2":"type-product","3":"status-publish","4":"has-post-thumbnail","6":"product_cat-livres","8":"first","9":"instock","10":"taxable","11":"shipping-taxable","12":"purchasable","13":"product-type-simple"},"_links":{"self":[{"href":"https:\/\/fraemeproduction.art\/index.php\/wp-json\/wp\/v2\/product\/129","targetHints":{"allow":["GET"]}}],"collection":[{"href":"https:\/\/fraemeproduction.art\/index.php\/wp-json\/wp\/v2\/product"}],"about":[{"href":"https:\/\/fraemeproduction.art\/index.php\/wp-json\/wp\/v2\/types\/product"}],"wp:featuredmedia":[{"embeddable":true,"href":"https:\/\/fraemeproduction.art\/index.php\/wp-json\/wp\/v2\/media\/93"}],"wp:attachment":[{"href":"https:\/\/fraemeproduction.art\/index.php\/wp-json\/wp\/v2\/media?parent=129"}],"wp:term":[{"taxonomy":"product_brand","embeddable":true,"href":"https:\/\/fraemeproduction.art\/index.php\/wp-json\/wp\/v2\/product_brand?post=129"},{"taxonomy":"product_cat","embeddable":true,"href":"https:\/\/fraemeproduction.art\/index.php\/wp-json\/wp\/v2\/product_cat?post=129"},{"taxonomy":"product_tag","embeddable":true,"href":"https:\/\/fraemeproduction.art\/index.php\/wp-json\/wp\/v2\/product_tag?post=129"}],"curies":[{"name":"wp","href":"https:\/\/api.w.org\/{rel}","templated":true}]}}